{"id":134,"date":"2022-12-08T14:40:30","date_gmt":"2022-12-08T14:40:30","guid":{"rendered":"http:\/\/helloneighbor2.es\/?page_id=2"},"modified":"2024-11-02T16:39:28","modified_gmt":"2024-11-02T15:39:28","slug":"privacidad","status":"publish","type":"page","link":"https:\/\/novatekstudio.es\/?page_id=134","title":{"rendered":"Pol\u00edtica de privacidad"},"content":{"rendered":"\n<p>La presente Pol\u00edtica de Privacidad establece los t\u00e9rminos en que&nbsp;<strong>mkapp<\/strong>&nbsp;usa y protege la informaci\u00f3n que es proporcionada por sus usuarios al momento de utilizar su sitio web, espacios y aplicaciones m\u00f3viles. Esta compa\u00f1\u00eda est\u00e1 comprometida con la seguridad de los datos de sus usuarios. Cuando le pedimos llenar los campos de informaci\u00f3n personal o aceptar t\u00e9rminos de seguridad, con lo cual usted pueda ser identificado, lo hacemos asegurando que s\u00f3lo se emplear\u00e1 de acuerdo con los t\u00e9rminos de este documento.<\/p>\n\n\n\n<p><strong>Informaci\u00f3n que es recogida<\/strong><\/p>\n\n\n\n<p>Nuestro sitio web, espacios y aplicaciones m\u00f3viles pueden recoger informaci\u00f3n personal, lo cual ser\u00e1 claramente identificado y solicitado mediante permisos que deber\u00e1 aceptar expresamente el usuario final.<\/p>\n\n\n\n<p><strong>Uso de la informaci\u00f3n recogida<\/strong><\/p>\n\n\n\n<p>En caso de que nuestro sitio web, nuestros espacios o nuestras aplicaciones m\u00f3viles empleen la informaci\u00f3n con el fin de proporcionar el mejor servicio posible, es posible que sean enviados correos electr\u00f3nicos peri\u00f3dicamente a trav\u00e9s de nuestro sitio con informaci\u00f3n que se considere relevante o que pueda brindarle alg\u00fan beneficio al usuario, estos correos electr\u00f3nicos ser\u00e1n enviados a la direcci\u00f3n proporcionada y podr\u00e1n ser cancelados en cualquier momento.<\/p>\n\n\n\n<p><strong>Mkapp&nbsp;<\/strong>est\u00e1 altamente comprometido para cumplir con el compromiso de mantener su informaci\u00f3n segura. Usamos los sistemas m\u00e1s avanzados y los actualizamos constantemente para asegurarnos que no exista ning\u00fan acceso no autorizado.<\/p>\n\n\n\n<p><strong>Cookies<\/strong><\/p>\n\n\n\n<p>Una cookie se refiere a un fichero que es enviado con la finalidad de solicitar permiso para almacenarse en su ordenador, al aceptar dicho fichero se crea y la cookie sirve entonces para tener informaci\u00f3n respecto al tr\u00e1fico web, y tambi\u00e9n facilita las futuras visitas a una web recurrente. Otra funci\u00f3n que tienen las cookies es que con ellas las web pueden reconocerte individualmente y por tanto brindarte el mejor servicio personalizado de su web.<\/p>\n\n\n\n<p>Nuestro sitio web emplea cookies para poder identificar las p\u00e1ginas que son visitadas y su frecuencia y esta informaci\u00f3n es empleada \u00fanicamente para an\u00e1lisis estad\u00edstico, siendo borrada la informaci\u00f3n de forma permanente una vez estudiada. Usted puede eliminar las cookies en cualquier momento desde su ordenador. Sin embargo, las cookies ayudan a proporcionar un mejor servicio de los sitios web y estas no dan acceso a informaci\u00f3n de su ordenador ni del usuario. La mayor\u00eda de navegadores aceptan cookies autom\u00e1ticamente, pues sirve para tener un mejor servicio web. Tambi\u00e9n el usuario puede cambiar la configuraci\u00f3n de su ordenador para declinar las cookies. Si se declinan es posible que no pueda utilizar alg\u00fan servicio.<\/p>\n\n\n\n<p><strong>Enlaces a Terceros<\/strong><\/p>\n\n\n\n<p>Este sitio web pudiera contener enlaces a otros sitios que pudieran ser del inter\u00e9s del usuario. Una vez que se haga clic en estos enlaces y abandone nuestra p\u00e1gina, ya no tenemos control sobre al sitio al que se es redirigido y, por lo tanto, no somos responsables de los t\u00e9rminos o privacidad ni de la protecci\u00f3n de los datos en esos otros sitios terceros. Dichos sitios est\u00e1n sujetos a sus propias pol\u00edticas de privacidad, por lo cual, es recomendable que el usuario los consulte.<\/p>\n\n\n\n<p><strong>Control de su informaci\u00f3n personal<\/strong><\/p>\n\n\n\n<p>Mkapp no vender\u00e1, ceder\u00e1 ni distribuir\u00e1 la informaci\u00f3n personal que es recopilada sin su consentimiento, salvo que sea requerido por un juez con una orden judicial.<\/p>\n\n\n\n<blockquote class=\"wp-block-quote is-layout-flow wp-block-quote-is-layout-flow\">\n<p>Mkapp\u00a0se reserva el derecho de cambiar los t\u00e9rminos de la presente Pol\u00edtica de Privacidad en cualquier momento.<\/p>\n<\/blockquote>\n\n\n\n<p>En cualquier momento, el usuario puede restringir la recopilaci\u00f3n o el uso de la informaci\u00f3n personal que es proporcionada a nuestro sitio web.<\/p>\n\n\n\n<p>Para cualquier duda  puede ponerse en contacto con nosotros a trav\u00e9s de <a href=\"mailto:dudas@mkapp.es\">dudas@mkapp.es<\/a> y, si lo desea, puede dar de baja su informaci\u00f3n o correo electr\u00f3nico enviando un correo de baja a <a href=\"mailto:bajas@mkapp.es\">bajas@mkapp.es<\/a>.<\/p>\n","protected":false},"excerpt":{"rendered":"<p>La presente Pol\u00edtica de Privacidad establece los t\u00e9rminos en que&nbsp;mkapp&nbsp;usa y protege la informaci\u00f3n que es proporcionada por sus usuarios<\/p>\n","protected":false},"author":2,"featured_media":0,"parent":0,"menu_order":0,"comment_status":"closed","ping_status":"open","template":"","meta":{"footnotes":""},"class_list":["post-134","page","type-page","status-publish","hentry"],"yoast_head":"<!-- This site is optimized with the Yoast SEO plugin v21.7 - https:\/\/yoast.com\/wordpress\/plugins\/seo\/ -->\n<title>Pol\u00edtica de privacidad - Novatek Studio<\/title>\n<meta name=\"robots\" content=\"index, follow, max-snippet:-1, max-image-preview:large, max-video-preview:-1\" \/>\n<link rel=\"canonical\" href=\"https:\/\/novatekstudio.es\/?page_id=134\" \/>\n<meta property=\"og:locale\" content=\"es_ES\" \/>\n<meta property=\"og:type\" content=\"article\" \/>\n<meta property=\"og:title\" content=\"Pol\u00edtica de privacidad - Novatek Studio\" \/>\n<meta property=\"og:description\" content=\"La presente Pol\u00edtica de Privacidad establece los t\u00e9rminos en que&nbsp;mkapp&nbsp;usa y protege la informaci\u00f3n que es proporcionada por sus usuarios\" \/>\n<meta property=\"og:url\" content=\"https:\/\/novatekstudio.es\/?page_id=134\" \/>\n<meta property=\"og:site_name\" content=\"Novatek Studio\" \/>\n<meta property=\"article:modified_time\" content=\"2024-11-02T15:39:28+00:00\" \/>\n<meta name=\"twitter:card\" content=\"summary_large_image\" \/>\n<meta name=\"twitter:label1\" content=\"Tiempo de lectura\" \/>\n\t<meta name=\"twitter:data1\" content=\"3 minutos\" \/>\n<script type=\"application\/ld+json\" class=\"yoast-schema-graph\">{\"@context\":\"https:\/\/schema.org\",\"@graph\":[{\"@type\":\"WebPage\",\"@id\":\"https:\/\/novatekstudio.es\/?page_id=134\",\"url\":\"https:\/\/novatekstudio.es\/?page_id=134\",\"name\":\"Pol\u00edtica de privacidad - Novatek Studio\",\"isPartOf\":{\"@id\":\"https:\/\/novatekstudio.es\/#website\"},\"datePublished\":\"2022-12-08T14:40:30+00:00\",\"dateModified\":\"2024-11-02T15:39:28+00:00\",\"breadcrumb\":{\"@id\":\"https:\/\/novatekstudio.es\/?page_id=134#breadcrumb\"},\"inLanguage\":\"es\",\"potentialAction\":[{\"@type\":\"ReadAction\",\"target\":[\"https:\/\/novatekstudio.es\/?page_id=134\"]}]},{\"@type\":\"BreadcrumbList\",\"@id\":\"https:\/\/novatekstudio.es\/?page_id=134#breadcrumb\",\"itemListElement\":[{\"@type\":\"ListItem\",\"position\":1,\"name\":\"Portada\",\"item\":\"https:\/\/novatekstudio.es\/\"},{\"@type\":\"ListItem\",\"position\":2,\"name\":\"Pol\u00edtica de privacidad\"}]},{\"@type\":\"WebSite\",\"@id\":\"https:\/\/novatekstudio.es\/#website\",\"url\":\"https:\/\/novatekstudio.es\/\",\"name\":\"Novatek Studio\",\"description\":\"Videojuegosymas - PS5 - PS4 - XBOX - PC - NINTENDO - Gu\u00eda Hello Neighbor 2 - Tutoriales - Unity - Aplicaciones - Videojuegos - Android - Google Play\",\"publisher\":{\"@id\":\"https:\/\/novatekstudio.es\/#organization\"},\"potentialAction\":[{\"@type\":\"SearchAction\",\"target\":{\"@type\":\"EntryPoint\",\"urlTemplate\":\"https:\/\/novatekstudio.es\/?s={search_term_string}\"},\"query-input\":\"required name=search_term_string\"}],\"inLanguage\":\"es\"},{\"@type\":\"Organization\",\"@id\":\"https:\/\/novatekstudio.es\/#organization\",\"name\":\"Novatek Studio\",\"url\":\"https:\/\/novatekstudio.es\/\",\"logo\":{\"@type\":\"ImageObject\",\"inLanguage\":\"es\",\"@id\":\"https:\/\/novatekstudio.es\/#\/schema\/logo\/image\/\",\"url\":\"https:\/\/novatekstudio.es\/wp-content\/uploads\/2024\/11\/mkapp3.png\",\"contentUrl\":\"https:\/\/novatekstudio.es\/wp-content\/uploads\/2024\/11\/mkapp3.png\",\"width\":781,\"height\":150,\"caption\":\"Novatek Studio\"},\"image\":{\"@id\":\"https:\/\/novatekstudio.es\/#\/schema\/logo\/image\/\"}}]}<\/script>\n<!-- \/ Yoast SEO plugin. -->","yoast_head_json":{"title":"Pol\u00edtica de privacidad - Novatek Studio","robots":{"index":"index","follow":"follow","max-snippet":"max-snippet:-1","max-image-preview":"max-image-preview:large","max-video-preview":"max-video-preview:-1"},"canonical":"https:\/\/novatekstudio.es\/?page_id=134","og_locale":"es_ES","og_type":"article","og_title":"Pol\u00edtica de privacidad - Novatek Studio","og_description":"La presente Pol\u00edtica de Privacidad establece los t\u00e9rminos en que&nbsp;mkapp&nbsp;usa y protege la informaci\u00f3n que es proporcionada por sus usuarios","og_url":"https:\/\/novatekstudio.es\/?page_id=134","og_site_name":"Novatek Studio","article_modified_time":"2024-11-02T15:39:28+00:00","twitter_card":"summary_large_image","twitter_misc":{"Tiempo de lectura":"3 minutos"},"schema":{"@context":"https:\/\/schema.org","@graph":[{"@type":"WebPage","@id":"https:\/\/novatekstudio.es\/?page_id=134","url":"https:\/\/novatekstudio.es\/?page_id=134","name":"Pol\u00edtica de privacidad - Novatek Studio","isPartOf":{"@id":"https:\/\/novatekstudio.es\/#website"},"datePublished":"2022-12-08T14:40:30+00:00","dateModified":"2024-11-02T15:39:28+00:00","breadcrumb":{"@id":"https:\/\/novatekstudio.es\/?page_id=134#breadcrumb"},"inLanguage":"es","potentialAction":[{"@type":"ReadAction","target":["https:\/\/novatekstudio.es\/?page_id=134"]}]},{"@type":"BreadcrumbList","@id":"https:\/\/novatekstudio.es\/?page_id=134#breadcrumb","itemListElement":[{"@type":"ListItem","position":1,"name":"Portada","item":"https:\/\/novatekstudio.es\/"},{"@type":"ListItem","position":2,"name":"Pol\u00edtica de privacidad"}]},{"@type":"WebSite","@id":"https:\/\/novatekstudio.es\/#website","url":"https:\/\/novatekstudio.es\/","name":"Novatek Studio","description":"Videojuegosymas - PS5 - PS4 - XBOX - PC - NINTENDO - Gu\u00eda Hello Neighbor 2 - Tutoriales - Unity - Aplicaciones - Videojuegos - Android - Google Play","publisher":{"@id":"https:\/\/novatekstudio.es\/#organization"},"potentialAction":[{"@type":"SearchAction","target":{"@type":"EntryPoint","urlTemplate":"https:\/\/novatekstudio.es\/?s={search_term_string}"},"query-input":"required name=search_term_string"}],"inLanguage":"es"},{"@type":"Organization","@id":"https:\/\/novatekstudio.es\/#organization","name":"Novatek Studio","url":"https:\/\/novatekstudio.es\/","logo":{"@type":"ImageObject","inLanguage":"es","@id":"https:\/\/novatekstudio.es\/#\/schema\/logo\/image\/","url":"https:\/\/novatekstudio.es\/wp-content\/uploads\/2024\/11\/mkapp3.png","contentUrl":"https:\/\/novatekstudio.es\/wp-content\/uploads\/2024\/11\/mkapp3.png","width":781,"height":150,"caption":"Novatek Studio"},"image":{"@id":"https:\/\/novatekstudio.es\/#\/schema\/logo\/image\/"}}]}},"jetpack_sharing_enabled":true,"_links":{"self":[{"href":"https:\/\/novatekstudio.es\/index.php?rest_route=\/wp\/v2\/pages\/134","targetHints":{"allow":["GET"]}}],"collection":[{"href":"https:\/\/novatekstudio.es\/index.php?rest_route=\/wp\/v2\/pages"}],"about":[{"href":"https:\/\/novatekstudio.es\/index.php?rest_route=\/wp\/v2\/types\/page"}],"author":[{"embeddable":true,"href":"https:\/\/novatekstudio.es\/index.php?rest_route=\/wp\/v2\/users\/2"}],"replies":[{"embeddable":true,"href":"https:\/\/novatekstudio.es\/index.php?rest_route=%2Fwp%2Fv2%2Fcomments&post=134"}],"version-history":[{"count":2,"href":"https:\/\/novatekstudio.es\/index.php?rest_route=\/wp\/v2\/pages\/134\/revisions"}],"predecessor-version":[{"id":170,"href":"https:\/\/novatekstudio.es\/index.php?rest_route=\/wp\/v2\/pages\/134\/revisions\/170"}],"wp:attachment":[{"href":"https:\/\/novatekstudio.es\/index.php?rest_route=%2Fwp%2Fv2%2Fmedia&parent=134"}],"curies":[{"name":"wp","href":"https:\/\/api.w.org\/{rel}","templated":true}]}}